{"id":1039,"date":"2025-02-07T13:53:21","date_gmt":"2025-02-07T13:53:21","guid":{"rendered":"https:\/\/isense.pt\/wp65\/?page_id=1039"},"modified":"2025-11-17T12:00:42","modified_gmt":"2025-11-17T12:00:42","slug":"aldeia-isense","status":"publish","type":"page","link":"https:\/\/isense.pt\/wp65\/","title":{"rendered":"Aldeia iSense"},"content":{"rendered":"\t\t<div data-elementor-type=\"wp-page\" data-elementor-id=\"1039\" class=\"elementor elementor-1039\">\n\t\t\t\t<div class=\"elementor-element elementor-element-1db8d6f e-con-full e-flex e-con e-parent\" data-id=\"1db8d6f\" data-element_type=\"container\">\n\t\t\t\t<div class=\"elementor-element elementor-element-4ddea26 elementor-widget elementor-widget-shortcode\" data-id=\"4ddea26\" data-element_type=\"widget\" data-widget_type=\"shortcode.default\">\n\t\t\t\t<div class=\"elementor-widget-container\">\n\t\t\t\t\t<div class=\"elementor-shortcode\">\n<style>\n\t#hotspot-1245 .hotspots-image-container,\n\t#hotspot-1245 .leaflet-container {\n\t\tbackground: #efefef\t}\n\n\t#hotspot-1245 .hotspots-placeholder {\n\t\tbackground: #ffffff;\n\t\tborder: 0 #ffffff solid;\n\t\tcolor: #000000;\n\t}\n\n\t#hotspot-1245 .hotspot-title {\n\t\tcolor: #ffffff;\n\t}\n\n\t\t\t#hotspot-1245 .hotspot-default {\n\t\t\tstroke-width: 4;\n\t\t\tfill: #ffffff;\n\t\t\tfill-opacity: 0;\n\t\t\tstroke: #ffffff;\n\t\t\tstroke-opacity: 0;\n\t\t}\n\t\t#hotspot-1245 .hotspot-default:hover,\n\t\t#hotspot-1245 .hotspot-default:focus-visible,\n\t\t#hotspot-1245 .hotspot-default.hotspot-active {\n\t\t\tfill: #add34e;\n\t\t\tfill-opacity: 0.71;\n\t\t\tstroke: #45b237;\n\t\t\tstroke-opacity: 1.01;\n\t\t}\n\t\t#hotspot-1245 .leaflet-tooltip,\n\t#hotspot-1245 .leaflet-rrose-content-wrapper {\n\t\tbackground: #ffffff;\n\t\tborder-color: #ffffff;\n\t\tcolor: #000000;\n\t}\n\n\t#hotspot-1245 a.leaflet-rrose-close-button {\n\t\tcolor: #ffffff;\n\t}\n\n\t#hotspot-1245 .leaflet-rrose-tip {\n\t\tbackground: #ffffff;\n\t}\n\n\t#hotspot-1245 .leaflet-popup-scrolled {\n\t\tborder-bottom-color: #000000;\n\t\tborder-top-color: #000000;\n\t}\n\n\t#hotspot-1245 .leaflet-tooltip-top:before {\n\t\tborder-top-color: #ffffff;\n\t}\n\n\t#hotspot-1245 .leaflet-tooltip-bottom:before {\n\t\tborder-bottom-color: #ffffff;\n\t}\n\t#hotspot-1245 .leaflet-tooltip-left:before {\n\t\tborder-left-color: #ffffff;\n\t}\n\t#hotspot-1245 .leaflet-tooltip-right:before {\n\t\tborder-right-color: #ffffff;\n\t}\n<\/style>\n\n\t\n\t<div class=\"hotspots-container  layout-left event-click\" id=\"hotspot-1245\" data-layout=\"left\" data-trigger=\"click\">\n\t\t<div class=\"hotspots-interaction\">\n\t\t\t\t<div class=\"hotspots-placeholder\" id=\"content-hotspot-1245\">\n\t\t<div class=\"hotspot-initial\">\n\t\t\t\t\t\t\t\t\t<h2 class=\"hotspot-title\">\n\t\t\t\tAldeia I.Sense\t\t\t<\/h2>\n\t\t\t\t\t\t<div class=\"hotspot-content\">\n\t\t\t\t\t\t\t\t\t<p>Na Aldeia I.SENSE, cada crian\u00e7a \u00e9 semente de um mundo novo. Aqui, cuidamos, acompanhamos e acreditamos no seu potencial,porque sabemos que \u00e9 preciso uma aldeia para transformar o amanh\u00e3.<\/p>\n<p>Clique nas casas para descobrir mais sobre cada uma.<\/p>\n\t\t\t\t\t\t\t<\/div>\n\t\t<\/div>\n\t<\/div>\n<div class=\"hotspots-image-container\">\n\t<img\n\t\twidth=\"2560\"\n\t\theight=\"1422\"\n\t\tsrc=\"https:\/\/isense.pt\/wp65\/wp-content\/uploads\/2025\/02\/aldeia-scaled.jpg\"\n\t\talt=\"Aldeia I.Sense\"\n\t\tclass=\"hotspots-image skip-lazy\"\n\t\tusemap=\"#hotspots-image-1245\"\n\t\tdata-image-title=\"Aldeia I.Sense\"\n\t\tdata-image-description=\"Na Aldeia I.SENSE, cada crian\u00e7a \u00e9 semente de um mundo novo. Aqui, cuidamos, acompanhamos e acreditamos no seu potencial,porque sabemos que \u00e9 preciso uma aldeia para transformar o amanh\u00e3.\r\n\r\nClique nas casas para descobrir mais sobre cada uma.\"\n\t\tdata-event-trigger=\"click\"\n\t\tdata-always-visible=\"false\"\n\t\tdata-id=\"1245\"\n\t\tdata-no-lazy=\"1\"\n\t\tdata-lazy-src=\"\"\n\t\tdata-lazy=\"false\"\n\t\tloading=\"eager\"\n\t\tdata-skip-lazy=\"1\"\n\t\t>\n<\/div>\t\t<\/div>\n\t\t<map name=\"hotspots-image-1245\" class=\"hotspots-map\">\n\t\t\t\t\t\t\t\t\t\t\t<area\n\t\t\t\t\tshape=\"polygon\"\n\t\t\t\t\tcoords=\"586,699,674,887,634,893,620,931,642,987,614,1021,724,1065,728,1094,230,1134,60,1055,56,1033,56,885,166,845,222,669\"\n\t\t\t\t\thref=\"#hotspot-hotspot-1245-0\"\n\t\t\t\t\trel=\"\"\n\t\t\t\t\ttitle=\"Casa do Cuidar\"\n\t\t\t\t\talt=\"Casa do Cuidar\"\n\t\t\t\t\tdata-action=\"\"\n\t\t\t\t\tdata-color-scheme=\"\"\n\t\t\t\t\ttarget=\"\"\n\t\t\t\t\tclass=\"more-info-area\"\n\t\t\t\t\t>\n\t\t\t\t\t\t\t\t\t\t\t<area\n\t\t\t\t\tshape=\"polygon\"\n\t\t\t\t\tcoords=\"849,844,667,830,653,812,676,793,676,737,663,728,645,732,645,710,658,708,682,620,659,618,667,577,683,563,674,526,661,523,661,493,693,489,713,493,717,481,738,484,811,477,821,493,837,493,848,462,831,447,863,424,884,443,868,458,925,452,941,446,966,487,980,492,974,507,1012,557,1000,573,997,587,1049,694,1043,720,1046,763,1065,801,1049,811,1046,826,995,831,947,829,916,831\"\n\t\t\t\t\thref=\"#hotspot-hotspot-1245-1\"\n\t\t\t\t\trel=\"\"\n\t\t\t\t\ttitle=\"Casa do Crescer\"\n\t\t\t\t\talt=\"Casa do Crescer\"\n\t\t\t\t\tdata-action=\"\"\n\t\t\t\t\tdata-color-scheme=\"\"\n\t\t\t\t\ttarget=\"\"\n\t\t\t\t\tclass=\"more-info-area\"\n\t\t\t\t\t>\n\t\t\t\t\t\t\t\t\t\t\t<area\n\t\t\t\t\tshape=\"polygon\"\n\t\t\t\t\tcoords=\"1114,973,1101,798,1087,795,1178,650,1176,639,1222,640,1229,629,1263,627,1272,640,1363,637,1360,601,1429,601,1426,724,1465,786,1454,797,1455,951,1443,951,1344,984\"\n\t\t\t\t\thref=\"#hotspot-hotspot-1245-2\"\n\t\t\t\t\trel=\"\"\n\t\t\t\t\ttitle=\"Casa do Sonhar\"\n\t\t\t\t\talt=\"Casa do Sonhar\"\n\t\t\t\t\tdata-action=\"\"\n\t\t\t\t\tdata-color-scheme=\"\"\n\t\t\t\t\ttarget=\"\"\n\t\t\t\t\tclass=\"more-info-area\"\n\t\t\t\t\t>\n\t\t\t\t\t\t\t\t\t\t\t<area\n\t\t\t\t\tshape=\"polygon\"\n\t\t\t\t\tcoords=\"1501,770,1482,697,1515,695,1497,616,1464,613,1488,586,1506,567,1519,549,1529,528,1540,509,1547,488,1554,468,1582,480,1602,487,1628,493,1654,495,1673,496,1695,497,1698,435,1719,429,1740,437,1738,444,1737,496,1754,524,1769,540,1781,555,1801,576,1822,592,1834,595,1849,593,1870,586,1895,577,1943,637,1938,644,1927,647,1924,730,1911,733,1907,725,1914,720,1912,711,1905,707,1896,703,1880,703,1868,708,1863,712,1874,727,1883,732,1874,735,1870,742,1869,751,1873,758,1862,761,1808,761,1804,753,1805,745,1756,746,1755,761,1749,765,1642,772\"\n\t\t\t\t\thref=\"#hotspot-hotspot-1245-3\"\n\t\t\t\t\trel=\"\"\n\t\t\t\t\ttitle=\"Casa do Brincar\"\n\t\t\t\t\talt=\"Casa do Brincar\"\n\t\t\t\t\tdata-action=\"\"\n\t\t\t\t\tdata-color-scheme=\"\"\n\t\t\t\t\ttarget=\"\"\n\t\t\t\t\tclass=\"more-info-area\"\n\t\t\t\t\t>\n\t\t\t\t\t\t\t\t\t\t\t<area\n\t\t\t\t\tshape=\"polygon\"\n\t\t\t\t\tcoords=\"2161,617,2199,571,2217,548,2233,522,2247,497,2242,473,2233,468,2228,446,2282,439,2319,452,2311,470,2305,474,2304,499,2333,492,2339,479,2365,472,2393,476,2419,525,2432,546,2447,568,2459,587,2469,601,2477,609,2486,620,2482,628,2481,635,2474,633,2468,640,2469,648,2466,657,2458,661,2449,658,2445,649,2447,642,2442,640,2444,667,2451,664,2457,668,2461,674,2464,680,2464,688,2461,694,2469,705,2468,711,2460,708,2454,704,2454,734,2505,749,2504,776,2497,777,2499,810,2512,816,2514,844,2529,853,2532,877,2446,884,2427,879,2387,803,2385,827,2387,845,2390,862,2394,875,2376,875,2354,883,2236,872,2230,868,2221,872,2196,881,2183,886,2169,892,2147,896,2129,901,2123,902,2083,904,2048,903,1981,897,2008,881,2071,861,2103,847,2144,827,2169,812,2157,812,2146,808,2139,804,2131,801,2133,762,2134,755,2140,750,2149,745,2166,739,2176,736,2189,733,2196,727,2199,715,2201,703,2203,677,2204,663,2202,646,2184,645\"\n\t\t\t\t\thref=\"#hotspot-hotspot-1245-4\"\n\t\t\t\t\trel=\"\"\n\t\t\t\t\ttitle=\"Casa do Semear\"\n\t\t\t\t\talt=\"Casa do Semear\"\n\t\t\t\t\tdata-action=\"\"\n\t\t\t\t\tdata-color-scheme=\"\"\n\t\t\t\t\ttarget=\"\"\n\t\t\t\t\tclass=\"more-info-area\"\n\t\t\t\t\t>\n\t\t\t\t\t<\/map>\n\n\t\t\n\t\t\t\t\t\n\t\t\t\t\t\t<div class=\"hotspot-info \" id=\"hotspot-hotspot-1245-0\">\n\t\t\t\t\n\t\t\t\t<h2 class=\"hotspot-title\">Casa do Cuidar<\/h2>\t\t\t\t\t\t\t\t\t<div class=\"hotspot-thumb\">\n\t\t\t\t\t\t<img fetchpriority=\"high\" decoding=\"async\" width=\"800\" height=\"535\" src=\"https:\/\/isense.pt\/wp65\/wp-content\/uploads\/2025\/02\/Casa-do-Cuidar-1024x685.png\" class=\"attachment-large size-large\" alt=\"\" srcset=\"https:\/\/isense.pt\/wp65\/wp-content\/uploads\/2025\/02\/Casa-do-Cuidar-1024x685.png 1024w, https:\/\/isense.pt\/wp65\/wp-content\/uploads\/2025\/02\/Casa-do-Cuidar-600x402.png 600w, https:\/\/isense.pt\/wp65\/wp-content\/uploads\/2025\/02\/Casa-do-Cuidar-300x201.png 300w, https:\/\/isense.pt\/wp65\/wp-content\/uploads\/2025\/02\/Casa-do-Cuidar-768x514.png 768w, https:\/\/isense.pt\/wp65\/wp-content\/uploads\/2025\/02\/Casa-do-Cuidar-1536x1028.png 1536w, https:\/\/isense.pt\/wp65\/wp-content\/uploads\/2025\/02\/Casa-do-Cuidar.png 1709w\" sizes=\"(max-width: 800px) 100vw, 800px\" \/>\t\t\t\t\t<\/div>\n\t\t\t\t\t\t\t\t<div class=\"hotspot-content\">\n\t\t\t\t\t<ul>\n<li>Centro de desenvolvimento<\/li>\n<li>A Casa do cuidar tem como miss\u00e3o o suporte e facilita\u00e7\u00e3o colocando o conhecimento terap\u00eautico e t\u00e9cnico\u00a0 ao servi\u00e7o das crian\u00e7as e das suas fam\u00edlias com o objetivo de facilitar o seu desenvolvimento.<\/li>\n<\/ul>\n<p><a href=\"https:\/\/isense.pt\/wp65\/casa-do-cuidar\/\">Entrar na Casa do Cuidar<\/a><\/p>\n\t\t\t\t<\/div>\n\t\t\t<\/div>\n\t\t\t\t\t\n\t\t\t\t\t\t<div class=\"hotspot-info \" id=\"hotspot-hotspot-1245-1\">\n\t\t\t\t\n\t\t\t\t<h2 class=\"hotspot-title\">Casa do Crescer<\/h2>\t\t\t\t\t\t\t\t\t<div class=\"hotspot-thumb\">\n\t\t\t\t\t\t<img decoding=\"async\" width=\"800\" height=\"795\" src=\"https:\/\/isense.pt\/wp65\/wp-content\/uploads\/2025\/02\/Casa-do-Crescer-1024x1017.png\" class=\"attachment-large size-large\" alt=\"\" srcset=\"https:\/\/isense.pt\/wp65\/wp-content\/uploads\/2025\/02\/Casa-do-Crescer-1024x1017.png 1024w, https:\/\/isense.pt\/wp65\/wp-content\/uploads\/2025\/02\/Casa-do-Crescer-100x100.png 100w, https:\/\/isense.pt\/wp65\/wp-content\/uploads\/2025\/02\/Casa-do-Crescer-600x596.png 600w, https:\/\/isense.pt\/wp65\/wp-content\/uploads\/2025\/02\/Casa-do-Crescer-300x298.png 300w, https:\/\/isense.pt\/wp65\/wp-content\/uploads\/2025\/02\/Casa-do-Crescer-150x150.png 150w, https:\/\/isense.pt\/wp65\/wp-content\/uploads\/2025\/02\/Casa-do-Crescer-768x763.png 768w, https:\/\/isense.pt\/wp65\/wp-content\/uploads\/2025\/02\/Casa-do-Crescer.png 1040w\" sizes=\"(max-width: 800px) 100vw, 800px\" \/>\t\t\t\t\t<\/div>\n\t\t\t\t\t\t\t\t<div class=\"hotspot-content\">\n\t\t\t\t\t<ul>\n<li>Programa de desenvolvimento com crian\u00e7as at\u00e9 aos 3 anos<\/li>\n<li>Esta casa aposta no cuidar com e para o amor, tendo a educa\u00e7\u00e3o e\u00a0a sa\u00fade de m\u00e3os dadas de forma a\u00a0criar um espa\u00e7o seguro para\u00a0crian\u00e7as at\u00e9 3 anos de idade\u00a0envolvendo a fam\u00edlia e a\u00a0comunidade geral<\/li>\n<\/ul>\n<p><a href=\"https:\/\/isense.pt\/wp65\/casa-do-crescer\/\">Entrar na Casa do Crescer<\/a><\/p>\n\t\t\t\t<\/div>\n\t\t\t<\/div>\n\t\t\t\t\t\n\t\t\t\t\t\t<div class=\"hotspot-info \" id=\"hotspot-hotspot-1245-2\">\n\t\t\t\t\n\t\t\t\t<h2 class=\"hotspot-title\">Casa do Sonhar<\/h2>\t\t\t\t\t\t\t\t\t<div class=\"hotspot-thumb\">\n\t\t\t\t\t\t<img decoding=\"async\" width=\"800\" height=\"805\" src=\"https:\/\/isense.pt\/wp65\/wp-content\/uploads\/2025\/02\/Casa-do-Sonhar.png\" class=\"attachment-large size-large\" alt=\"\" srcset=\"https:\/\/isense.pt\/wp65\/wp-content\/uploads\/2025\/02\/Casa-do-Sonhar.png 940w, https:\/\/isense.pt\/wp65\/wp-content\/uploads\/2025\/02\/Casa-do-Sonhar-100x100.png 100w, https:\/\/isense.pt\/wp65\/wp-content\/uploads\/2025\/02\/Casa-do-Sonhar-600x604.png 600w, https:\/\/isense.pt\/wp65\/wp-content\/uploads\/2025\/02\/Casa-do-Sonhar-298x300.png 298w, https:\/\/isense.pt\/wp65\/wp-content\/uploads\/2025\/02\/Casa-do-Sonhar-150x150.png 150w, https:\/\/isense.pt\/wp65\/wp-content\/uploads\/2025\/02\/Casa-do-Sonhar-768x773.png 768w\" sizes=\"(max-width: 800px) 100vw, 800px\" \/>\t\t\t\t\t<\/div>\n\t\t\t\t\t\t\t\t<div class=\"hotspot-content\">\n\t\t\t\t\t<ul>\n<li>Acompanhamento desde o sonho, gesta\u00e7\u00e3o e primeiros passos<\/li>\n<li>Esta casa permite o acompanhamento \u00e0s fam\u00edlias e redes de suporte desde o sonho da parentalidade \u00e0 gravidez e cuidados ao rec\u00e9m nascido e primeira inf\u00e2ncia.<\/li>\n<\/ul>\n<p><a href=\"https:\/\/isense.pt\/wp65\/casa-do-sonhar\/\">Entrar na Casa do Sonhar<\/a><\/p>\n\t\t\t\t<\/div>\n\t\t\t<\/div>\n\t\t\t\t\t\n\t\t\t\t\t\t<div class=\"hotspot-info \" id=\"hotspot-hotspot-1245-3\">\n\t\t\t\t\n\t\t\t\t<h2 class=\"hotspot-title\">Casa do Brincar<\/h2>\t\t\t\t\t\t\t\t\t<div class=\"hotspot-thumb\">\n\t\t\t\t\t\t<img loading=\"lazy\" decoding=\"async\" width=\"800\" height=\"573\" src=\"https:\/\/isense.pt\/wp65\/wp-content\/uploads\/2025\/02\/Casa-do-Brincar-1024x733.png\" class=\"attachment-large size-large\" alt=\"\" srcset=\"https:\/\/isense.pt\/wp65\/wp-content\/uploads\/2025\/02\/Casa-do-Brincar-1024x733.png 1024w, https:\/\/isense.pt\/wp65\/wp-content\/uploads\/2025\/02\/Casa-do-Brincar-600x430.png 600w, https:\/\/isense.pt\/wp65\/wp-content\/uploads\/2025\/02\/Casa-do-Brincar-300x215.png 300w, https:\/\/isense.pt\/wp65\/wp-content\/uploads\/2025\/02\/Casa-do-Brincar-768x550.png 768w, https:\/\/isense.pt\/wp65\/wp-content\/uploads\/2025\/02\/Casa-do-Brincar.png 1184w\" sizes=\"(max-width: 800px) 100vw, 800px\" \/>\t\t\t\t\t<\/div>\n\t\t\t\t\t\t\t\t<div class=\"hotspot-content\">\n\t\t\t\t\t<ul>\n<li>Espa\u00e7o de brincar para o desenvolvimento<\/li>\n<li>Esta casa \u00e9 um espa\u00e7o inclusivo e inovador que conecta crian\u00e7as,\u00a0fam\u00edlias e comunidade atrav\u00e9s da\u00a0mais valia que o tempo livre nos\u00a0permite para promover o\u00a0desenvolvimento atrav\u00e9s do\u00a0brincar.<\/li>\n<\/ul>\n<p><a href=\"https:\/\/isense.pt\/wp65\/casa-do-brincar\/\">Entrar na Casa do Brincar<\/a><\/p>\n\t\t\t\t<\/div>\n\t\t\t<\/div>\n\t\t\t\t\t\n\t\t\t\t\t\t<div class=\"hotspot-info \" id=\"hotspot-hotspot-1245-4\">\n\t\t\t\t\n\t\t\t\t<h2 class=\"hotspot-title\">Casa do Semear<\/h2>\t\t\t\t\t\t\t\t\t<div class=\"hotspot-thumb\">\n\t\t\t\t\t\t<img loading=\"lazy\" decoding=\"async\" width=\"800\" height=\"666\" src=\"https:\/\/isense.pt\/wp65\/wp-content\/uploads\/2025\/02\/Casa-do-Semear-1-1024x853.png\" class=\"attachment-large size-large\" alt=\"\" srcset=\"https:\/\/isense.pt\/wp65\/wp-content\/uploads\/2025\/02\/Casa-do-Semear-1-1024x853.png 1024w, https:\/\/isense.pt\/wp65\/wp-content\/uploads\/2025\/02\/Casa-do-Semear-1-600x500.png 600w, https:\/\/isense.pt\/wp65\/wp-content\/uploads\/2025\/02\/Casa-do-Semear-1-300x250.png 300w, https:\/\/isense.pt\/wp65\/wp-content\/uploads\/2025\/02\/Casa-do-Semear-1-768x640.png 768w, https:\/\/isense.pt\/wp65\/wp-content\/uploads\/2025\/02\/Casa-do-Semear-1.png 1385w\" sizes=\"(max-width: 800px) 100vw, 800px\" \/>\t\t\t\t\t<\/div>\n\t\t\t\t\t\t\t\t<div class=\"hotspot-content\">\n\t\t\t\t\t<ul>\n<li>Projetos e causas sociais<\/li>\n<li>Nesta casa Semeamos a\u00a0criatividade para a inova\u00e7\u00e3o\u00a0social e cria\u00e7\u00e3o de novos projetos\u00a0com a comunidade\u00a0 para\u00a0proporcionar \u00e0s crian\u00e7as e jovens\u00a0e \u00e0 sua rede de suporte, o apoio e\u00a0a possibilidade de participarem na\u00a0constru\u00e7\u00e3o do seu futuro, com as\u00a0mesmas oportunidades e direitos.<\/li>\n<\/ul>\n<p><a href=\"https:\/\/isense.pt\/wp65\/casa-do-semear\/\">Entrar na Casa do Semear<\/a><\/p>\n\t\t\t\t<\/div>\n\t\t\t<\/div>\n\t\t\t<\/div>\n\n<\/div>\n\t\t\t\t<\/div>\n\t\t\t\t<\/div>\n\t\t\t\t<\/div>\n\t\t<footer class=\"elementor-element elementor-element-a6a0556 e-con-full e-flex e-con e-parent\" data-id=\"a6a0556\" data-element_type=\"container\">\n\t\t<div class=\"elementor-element elementor-element-3d3c250 e-con-full e-flex e-con e-child\" data-id=\"3d3c250\" data-element_type=\"container\">\n\t\t\t\t<div class=\"elementor-element elementor-element-e4302cf elementor-widget elementor-widget-image\" data-id=\"e4302cf\" data-element_type=\"widget\" data-widget_type=\"image.default\">\n\t\t\t\t<div class=\"elementor-widget-container\">\n\t\t\t\t\t\t\t\t\t\t\t\t\t<img loading=\"lazy\" decoding=\"async\" width=\"500\" height=\"500\" src=\"https:\/\/isense.pt\/wp65\/wp-content\/uploads\/2024\/05\/cropped-1-removebg-preview.png\" class=\"attachment-full size-full wp-image-33\" alt=\"\" srcset=\"https:\/\/isense.pt\/wp65\/wp-content\/uploads\/2024\/05\/cropped-1-removebg-preview.png 500w, https:\/\/isense.pt\/wp65\/wp-content\/uploads\/2024\/05\/cropped-1-removebg-preview-300x300.png 300w, https:\/\/isense.pt\/wp65\/wp-content\/uploads\/2024\/05\/cropped-1-removebg-preview-100x100.png 100w, https:\/\/isense.pt\/wp65\/wp-content\/uploads\/2024\/05\/cropped-1-removebg-preview-150x150.png 150w, https:\/\/isense.pt\/wp65\/wp-content\/uploads\/2024\/05\/elementor\/thumbs\/cropped-1-removebg-preview-qnwhds1c3n2j7ab12me1dsj0ksu4b3f6utx8gor5bi.png 75w\" sizes=\"(max-width: 500px) 100vw, 500px\" \/>\t\t\t\t\t\t\t\t\t\t\t\t\t<\/div>\n\t\t\t\t<\/div>\n\t\t\t\t<\/div>\n\t\t<div class=\"elementor-element elementor-element-b27334d e-con-full e-flex e-con e-child\" data-id=\"b27334d\" data-element_type=\"container\">\n\t\t\t\t<div class=\"elementor-element elementor-element-7c369c5 elementor-icon-list--layout-inline elementor-tablet-align-center elementor-align-center elementor-list-item-link-full_width elementor-widget elementor-widget-icon-list\" data-id=\"7c369c5\" data-element_type=\"widget\" data-widget_type=\"icon-list.default\">\n\t\t\t\t<div class=\"elementor-widget-container\">\n\t\t\t\t\t<ul class=\"elementor-icon-list-items elementor-inline-items\">\n\t\t\t\t\t\t\t<li class=\"elementor-icon-list-item elementor-inline-item\">\n\t\t\t\t\t\t\t\t\t\t<span class=\"elementor-icon-list-text\">919 164 751<\/span>\n\t\t\t\t\t\t\t\t\t<\/li>\n\t\t\t\t\t\t\t\t<li class=\"elementor-icon-list-item elementor-inline-item\">\n\t\t\t\t\t\t\t\t\t\t<span class=\"elementor-icon-list-text\">Rua Dom Ant\u00f3nio Castro Meireles 413-A<br>4425-637 Pedrou\u00e7os<\/span>\n\t\t\t\t\t\t\t\t\t<\/li>\n\t\t\t\t\t\t\t\t<li class=\"elementor-icon-list-item elementor-inline-item\">\n\t\t\t\t\t\t\t\t\t\t<span class=\"elementor-icon-list-text\">Seg a Sex das 9h - 20h<br>S\u00e1b das 9h - 13h<\/span>\n\t\t\t\t\t\t\t\t\t<\/li>\n\t\t\t\t\t\t<\/ul>\n\t\t\t\t<\/div>\n\t\t\t\t<\/div>\n\t\t\t\t<\/div>\n\t\t<div class=\"elementor-element elementor-element-5d8f0d2 e-con-full e-flex e-con e-child\" data-id=\"5d8f0d2\" data-element_type=\"container\">\n\t\t\t\t<div class=\"elementor-element elementor-element-c007e3c e-grid-align-tablet-right e-grid-align-mobile-center elementor-widget-mobile__width-inherit elementor-shape-rounded elementor-grid-0 e-grid-align-center elementor-widget elementor-widget-social-icons\" data-id=\"c007e3c\" data-element_type=\"widget\" data-widget_type=\"social-icons.default\">\n\t\t\t\t<div class=\"elementor-widget-container\">\n\t\t\t\t\t<div class=\"elementor-social-icons-wrapper elementor-grid\">\n\t\t\t\t\t\t\t<span class=\"elementor-grid-item\">\n\t\t\t\t\t<a class=\"elementor-icon elementor-social-icon elementor-social-icon-facebook-f elementor-repeater-item-3f1b7ac\" href=\"https:\/\/www.facebook.com\/i.sense.desenvolvimento.infantil\/?locale=pt_BR\" target=\"_blank\">\n\t\t\t\t\t\t<span class=\"elementor-screen-only\">Facebook-f<\/span>\n\t\t\t\t\t\t<svg class=\"e-font-icon-svg e-fab-facebook-f\" viewBox=\"0 0 320 512\" xmlns=\"http:\/\/www.w3.org\/2000\/svg\"><path d=\"M279.14 288l14.22-92.66h-88.91v-60.13c0-25.35 12.42-50.06 52.24-50.06h40.42V6.26S260.43 0 225.36 0c-73.22 0-121.08 44.38-121.08 124.72v70.62H22.89V288h81.39v224h100.17V288z\"><\/path><\/svg>\t\t\t\t\t<\/a>\n\t\t\t\t<\/span>\n\t\t\t\t\t\t\t<span class=\"elementor-grid-item\">\n\t\t\t\t\t<a class=\"elementor-icon elementor-social-icon elementor-social-icon-instagram elementor-repeater-item-5c0ce3c\" href=\"https:\/\/www.instagram.com\/i.sense.clinica\/\" target=\"_blank\">\n\t\t\t\t\t\t<span class=\"elementor-screen-only\">Instagram<\/span>\n\t\t\t\t\t\t<svg class=\"e-font-icon-svg e-fab-instagram\" viewBox=\"0 0 448 512\" xmlns=\"http:\/\/www.w3.org\/2000\/svg\"><path d=\"M224.1 141c-63.6 0-114.9 51.3-114.9 114.9s51.3 114.9 114.9 114.9S339 319.5 339 255.9 287.7 141 224.1 141zm0 189.6c-41.1 0-74.7-33.5-74.7-74.7s33.5-74.7 74.7-74.7 74.7 33.5 74.7 74.7-33.6 74.7-74.7 74.7zm146.4-194.3c0 14.9-12 26.8-26.8 26.8-14.9 0-26.8-12-26.8-26.8s12-26.8 26.8-26.8 26.8 12 26.8 26.8zm76.1 27.2c-1.7-35.9-9.9-67.7-36.2-93.9-26.2-26.2-58-34.4-93.9-36.2-37-2.1-147.9-2.1-184.9 0-35.8 1.7-67.6 9.9-93.9 36.1s-34.4 58-36.2 93.9c-2.1 37-2.1 147.9 0 184.9 1.7 35.9 9.9 67.7 36.2 93.9s58 34.4 93.9 36.2c37 2.1 147.9 2.1 184.9 0 35.9-1.7 67.7-9.9 93.9-36.2 26.2-26.2 34.4-58 36.2-93.9 2.1-37 2.1-147.8 0-184.8zM398.8 388c-7.8 19.6-22.9 34.7-42.6 42.6-29.5 11.7-99.5 9-132.1 9s-102.7 2.6-132.1-9c-19.6-7.8-34.7-22.9-42.6-42.6-11.7-29.5-9-99.5-9-132.1s-2.6-102.7 9-132.1c7.8-19.6 22.9-34.7 42.6-42.6 29.5-11.7 99.5-9 132.1-9s102.7-2.6 132.1 9c19.6 7.8 34.7 22.9 42.6 42.6 11.7 29.5 9 99.5 9 132.1s2.7 102.7-9 132.1z\"><\/path><\/svg>\t\t\t\t\t<\/a>\n\t\t\t\t<\/span>\n\t\t\t\t\t\t\t<span class=\"elementor-grid-item\">\n\t\t\t\t\t<a class=\"elementor-icon elementor-social-icon elementor-social-icon-linkedin elementor-repeater-item-828f132\" target=\"_blank\">\n\t\t\t\t\t\t<span class=\"elementor-screen-only\">Linkedin<\/span>\n\t\t\t\t\t\t<svg class=\"e-font-icon-svg e-fab-linkedin\" viewBox=\"0 0 448 512\" xmlns=\"http:\/\/www.w3.org\/2000\/svg\"><path d=\"M416 32H31.9C14.3 32 0 46.5 0 64.3v383.4C0 465.5 14.3 480 31.9 480H416c17.6 0 32-14.5 32-32.3V64.3c0-17.8-14.4-32.3-32-32.3zM135.4 416H69V202.2h66.5V416zm-33.2-243c-21.3 0-38.5-17.3-38.5-38.5S80.9 96 102.2 96c21.2 0 38.5 17.3 38.5 38.5 0 21.3-17.2 38.5-38.5 38.5zm282.1 243h-66.4V312c0-24.8-.5-56.7-34.5-56.7-34.6 0-39.9 27-39.9 54.9V416h-66.4V202.2h63.7v29.2h.9c8.9-16.8 30.6-34.5 62.9-34.5 67.2 0 79.7 44.3 79.7 101.9V416z\"><\/path><\/svg>\t\t\t\t\t<\/a>\n\t\t\t\t<\/span>\n\t\t\t\t\t<\/div>\n\t\t\t\t<\/div>\n\t\t\t\t<\/div>\n\t\t\t\t<\/div>\n\t\t\t\t<\/footer>\n\t\t\t\t<\/div>\n\t\t","protected":false},"excerpt":{"rendered":"<p>919 164 751 Rua Dom Ant\u00f3nio Castro Meireles 413-A4425-637 Pedrou\u00e7os Seg a Sex das 9h &#8211; 20hS\u00e1b das 9h &#8211; 13h Facebook-f Instagram Linkedin<\/p>\n","protected":false},"author":2,"featured_media":0,"parent":0,"menu_order":0,"comment_status":"closed","ping_status":"closed","template":"","meta":{"footnotes":""},"class_list":["post-1039","page","type-page","status-publish","hentry"],"jetpack_sharing_enabled":true,"_links":{"self":[{"href":"https:\/\/isense.pt\/wp65\/wp-json\/wp\/v2\/pages\/1039","targetHints":{"allow":["GET"]}}],"collection":[{"href":"https:\/\/isense.pt\/wp65\/wp-json\/wp\/v2\/pages"}],"about":[{"href":"https:\/\/isense.pt\/wp65\/wp-json\/wp\/v2\/types\/page"}],"author":[{"embeddable":true,"href":"https:\/\/isense.pt\/wp65\/wp-json\/wp\/v2\/users\/2"}],"replies":[{"embeddable":true,"href":"https:\/\/isense.pt\/wp65\/wp-json\/wp\/v2\/comments?post=1039"}],"version-history":[{"count":187,"href":"https:\/\/isense.pt\/wp65\/wp-json\/wp\/v2\/pages\/1039\/revisions"}],"predecessor-version":[{"id":1564,"href":"https:\/\/isense.pt\/wp65\/wp-json\/wp\/v2\/pages\/1039\/revisions\/1564"}],"wp:attachment":[{"href":"https:\/\/isense.pt\/wp65\/wp-json\/wp\/v2\/media?parent=1039"}],"curies":[{"name":"wp","href":"https:\/\/api.w.org\/{rel}","templated":true}]}}