{"id":353,"date":"2024-05-18T18:47:23","date_gmt":"2024-05-18T18:47:23","guid":{"rendered":"https:\/\/isense.pt\/wp65\/?page_id=353"},"modified":"2026-01-07T17:36:30","modified_gmt":"2026-01-07T17:36:30","slug":"voluntariado","status":"publish","type":"page","link":"https:\/\/isense.pt\/wp65\/voluntariado\/","title":{"rendered":"Voluntariado"},"content":{"rendered":"\t\t<div data-elementor-type=\"wp-page\" data-elementor-id=\"353\" class=\"elementor elementor-353\">\n\t\t\t\t<div class=\"elementor-element elementor-element-48bc6870 e-flex e-con-boxed e-con e-parent\" data-id=\"48bc6870\" data-element_type=\"container\" data-settings=\"{&quot;background_background&quot;:&quot;slideshow&quot;,&quot;background_slideshow_gallery&quot;:[{&quot;id&quot;:840,&quot;url&quot;:&quot;http:\\\/\\\/isense.pt\\\/wp65\\\/wp-content\\\/uploads\\\/2024\\\/10\\\/integration-3527263_1280.jpg&quot;}],&quot;background_slideshow_loop&quot;:&quot;yes&quot;,&quot;background_slideshow_slide_duration&quot;:5000,&quot;background_slideshow_slide_transition&quot;:&quot;fade&quot;,&quot;background_slideshow_transition_duration&quot;:500}\">\n\t\t\t\t\t<div class=\"e-con-inner\">\n\t\t\t\t<div class=\"elementor-element elementor-element-28985cf0 elementor-widget elementor-widget-spacer\" data-id=\"28985cf0\" data-element_type=\"widget\" data-widget_type=\"spacer.default\">\n\t\t\t\t<div class=\"elementor-widget-container\">\n\t\t\t\t\t<div class=\"elementor-spacer\">\n\t\t\t<div class=\"elementor-spacer-inner\"><\/div>\n\t\t<\/div>\n\t\t\t\t<\/div>\n\t\t\t\t<\/div>\n\t\t\t\t<div class=\"elementor-element elementor-element-4a7ce06e elementor-widget__width-initial elementor-widget elementor-widget-heading\" data-id=\"4a7ce06e\" data-element_type=\"widget\" data-widget_type=\"heading.default\">\n\t\t\t\t<div class=\"elementor-widget-container\">\n\t\t\t<h2 class=\"elementor-heading-title elementor-size-default\">\nVoluntariado\n<\/h2>\t\t<\/div>\n\t\t\t\t<\/div>\n\t\t\t\t<div class=\"elementor-element elementor-element-1def233d elementor-widget elementor-widget-spacer\" data-id=\"1def233d\" data-element_type=\"widget\" data-widget_type=\"spacer.default\">\n\t\t\t\t<div class=\"elementor-widget-container\">\n\t\t\t\t\t<div class=\"elementor-spacer\">\n\t\t\t<div class=\"elementor-spacer-inner\"><\/div>\n\t\t<\/div>\n\t\t\t\t<\/div>\n\t\t\t\t<\/div>\n\t\t\t\t\t<\/div>\n\t\t\t\t<\/div>\n\t\t<div class=\"elementor-element elementor-element-3caaefe4 e-flex e-con-boxed e-con e-parent\" data-id=\"3caaefe4\" data-element_type=\"container\">\n\t\t\t\t\t<div class=\"e-con-inner\">\n\t\t\t\t<div class=\"elementor-element elementor-element-60411068 elementor-widget elementor-widget-spacer\" data-id=\"60411068\" data-element_type=\"widget\" data-widget_type=\"spacer.default\">\n\t\t\t\t<div class=\"elementor-widget-container\">\n\t\t\t\t\t<div class=\"elementor-spacer\">\n\t\t\t<div class=\"elementor-spacer-inner\"><\/div>\n\t\t<\/div>\n\t\t\t\t<\/div>\n\t\t\t\t<\/div>\n\t\t\t\t<div class=\"elementor-element elementor-element-380a99cd elementor-widget__width-inherit elementor-widget elementor-widget-heading\" data-id=\"380a99cd\" data-element_type=\"widget\" data-widget_type=\"heading.default\">\n\t\t\t\t<div class=\"elementor-widget-container\">\n\t\t\t<h2 class=\"elementor-heading-title elementor-size-default\">A\u00e7\u00e3o de voluntariado<\/h2>\t\t<\/div>\n\t\t\t\t<\/div>\n\t\t\t\t<div class=\"elementor-element elementor-element-3b386dbb elementor-widget elementor-widget-text-editor\" data-id=\"3b386dbb\" data-element_type=\"widget\" data-widget_type=\"text-editor.default\">\n\t\t\t\t<div class=\"elementor-widget-container\">\n\t\t\t\t\t\t\t<p><span style=\"color: #0d0d0d; font-family: S\u00f6hne, ui-sans-serif, system-ui, -apple-system, 'Segoe UI', Roboto, Ubuntu, Cantarell, 'Noto Sans', sans-serif, 'Helvetica Neue', Arial, 'Apple Color Emoji', 'Segoe UI Emoji', 'Segoe UI Symbol', 'Noto Color Emoji'; white-space-collapse: preserve;\">C<span class=\"OYPEnA font-feature-liga-off font-feature-clig-off font-feature-calt-off text-decoration-none text-strikethrough-none\">onhecer a realidade de crian\u00e7as com altera\u00e7\u00f5es no desenvolvimento \u00e9 abra\u00e7ar a miss\u00e3o de transformar desafios em oportunidades de desenvolvimento e inclus\u00e3o.<\/span><\/span><\/p><p><span style=\"color: #0d0d0d; font-family: S\u00f6hne, ui-sans-serif, system-ui, -apple-system, 'Segoe UI', Roboto, Ubuntu, Cantarell, 'Noto Sans', sans-serif, 'Helvetica Neue', Arial, 'Apple Color Emoji', 'Segoe UI Emoji', 'Segoe UI Symbol', 'Noto Color Emoji'; white-space-collapse: preserve;\">Junte-se ao I.SENSE e ajude-nos a construir uma sociedade mais inclusiva e emp\u00e1tica. O nosso programa de voluntariado tem como objetivo capacitar as pessoas a compreender e intervir de forma eficaz em situa\u00e7\u00f5es envolvendo crian\u00e7as neurodivergentes, promovendo a igualdade de oportunidades e direitos para todas as crian\u00e7as.<\/span><\/p>\t\t\t\t\t\t<\/div>\n\t\t\t\t<\/div>\n\t\t\t\t\t<\/div>\n\t\t\t\t<\/div>\n\t\t<div class=\"elementor-element elementor-element-73252baf e-grid e-con-boxed e-con e-parent\" data-id=\"73252baf\" data-element_type=\"container\">\n\t\t\t\t\t<div class=\"e-con-inner\">\n\t\t\t\t<div class=\"elementor-element elementor-element-488df7dc elementor-widget elementor-widget-toggle\" data-id=\"488df7dc\" data-element_type=\"widget\" data-widget_type=\"toggle.default\">\n\t\t\t\t<div class=\"elementor-widget-container\">\n\t\t\t\t\t<div class=\"elementor-toggle\">\n\t\t\t\t\t\t\t<div class=\"elementor-toggle-item\">\n\t\t\t\t\t<div id=\"elementor-tab-title-1211\" class=\"elementor-tab-title\" data-tab=\"1\" role=\"button\" aria-controls=\"elementor-tab-content-1211\" aria-expanded=\"false\">\n\t\t\t\t\t\t\t\t\t\t\t\t<span class=\"elementor-toggle-icon elementor-toggle-icon-left\" aria-hidden=\"true\">\n\t\t\t\t\t\t\t\t\t\t\t\t\t\t\t<span class=\"elementor-toggle-icon-closed\"><svg class=\"e-font-icon-svg e-fas-caret-right\" viewBox=\"0 0 192 512\" xmlns=\"http:\/\/www.w3.org\/2000\/svg\"><path d=\"M0 384.662V127.338c0-17.818 21.543-26.741 34.142-14.142l128.662 128.662c7.81 7.81 7.81 20.474 0 28.284L34.142 398.804C21.543 411.404 0 402.48 0 384.662z\"><\/path><\/svg><\/span>\n\t\t\t\t\t\t\t\t<span class=\"elementor-toggle-icon-opened\"><svg class=\"elementor-toggle-icon-opened e-font-icon-svg e-fas-caret-up\" viewBox=\"0 0 320 512\" xmlns=\"http:\/\/www.w3.org\/2000\/svg\"><path d=\"M288.662 352H31.338c-17.818 0-26.741-21.543-14.142-34.142l128.662-128.662c7.81-7.81 20.474-7.81 28.284 0l128.662 128.662c12.6 12.599 3.676 34.142-14.142 34.142z\"><\/path><\/svg><\/span>\n\t\t\t\t\t\t\t\t\t\t\t\t\t<\/span>\n\t\t\t\t\t\t\t\t\t\t\t\t<a class=\"elementor-toggle-title\" tabindex=\"0\">Miss\u00e3o<\/a>\n\t\t\t\t\t<\/div>\n\n\t\t\t\t\t<div id=\"elementor-tab-content-1211\" class=\"elementor-tab-content elementor-clearfix\" data-tab=\"1\" role=\"region\" aria-labelledby=\"elementor-tab-title-1211\"><p><strong>Capacitar para uma sociedade mais inclusiva e emp\u00e1tica<\/strong>: Atrav\u00e9s de a\u00e7\u00f5es e projetos, buscamos capacitar pessoas para compreender e agir em prol de uma sociedade que acolha a diversidade e promova o respeito m\u00fatuo.<\/p><p><strong>Estrat\u00e9gias para Interpreta\u00e7\u00e3o e Rea\u00e7\u00e3o a Situa\u00e7\u00f5es Di\u00e1rias com Crian\u00e7as Neurodivergentes<\/strong>: Oferecemos estrat\u00e9gias pr\u00e1ticas para que os volunt\u00e1rios saibam interpretar e reagir adequadamente a diversas situa\u00e7\u00f5es do dia a dia envolvendo crian\u00e7as neurodivergentes, proporcionando um ambiente acolhedor e compreensivo.<\/p><p><strong>Incentivo \u00e0 Reflex\u00e3o dos Direitos das Crian\u00e7as<\/strong>: Promovemos a reflex\u00e3o sobre os direitos das crian\u00e7as, incentivando mudan\u00e7as sociais que assegurem igualdade de oportunidades e acesso a servi\u00e7os adequados. Acreditamos que todos t\u00eam um papel na constru\u00e7\u00e3o de um futuro mais justo e inclusivo.<\/p><\/div>\n\t\t\t\t<\/div>\n\t\t\t\t\t\t\t<div class=\"elementor-toggle-item\">\n\t\t\t\t\t<div id=\"elementor-tab-title-1212\" class=\"elementor-tab-title\" data-tab=\"2\" role=\"button\" aria-controls=\"elementor-tab-content-1212\" aria-expanded=\"false\">\n\t\t\t\t\t\t\t\t\t\t\t\t<span class=\"elementor-toggle-icon elementor-toggle-icon-left\" aria-hidden=\"true\">\n\t\t\t\t\t\t\t\t\t\t\t\t\t\t\t<span class=\"elementor-toggle-icon-closed\"><svg class=\"e-font-icon-svg e-fas-caret-right\" viewBox=\"0 0 192 512\" xmlns=\"http:\/\/www.w3.org\/2000\/svg\"><path d=\"M0 384.662V127.338c0-17.818 21.543-26.741 34.142-14.142l128.662 128.662c7.81 7.81 7.81 20.474 0 28.284L34.142 398.804C21.543 411.404 0 402.48 0 384.662z\"><\/path><\/svg><\/span>\n\t\t\t\t\t\t\t\t<span class=\"elementor-toggle-icon-opened\"><svg class=\"elementor-toggle-icon-opened e-font-icon-svg e-fas-caret-up\" viewBox=\"0 0 320 512\" xmlns=\"http:\/\/www.w3.org\/2000\/svg\"><path d=\"M288.662 352H31.338c-17.818 0-26.741-21.543-14.142-34.142l128.662-128.662c7.81-7.81 20.474-7.81 28.284 0l128.662 128.662c12.6 12.599 3.676 34.142-14.142 34.142z\"><\/path><\/svg><\/span>\n\t\t\t\t\t\t\t\t\t\t\t\t\t<\/span>\n\t\t\t\t\t\t\t\t\t\t\t\t<a class=\"elementor-toggle-title\" tabindex=\"0\">Passos para Aderir<\/a>\n\t\t\t\t\t<\/div>\n\n\t\t\t\t\t<div id=\"elementor-tab-content-1212\" class=\"elementor-tab-content elementor-clearfix\" data-tab=\"2\" role=\"region\" aria-labelledby=\"elementor-tab-title-1212\"><p><strong>1. Inscri\u00e7\u00e3o no Link<\/strong>: Comece sua jornada como volunt\u00e1rio preenchendo o formul\u00e1rio de inscri\u00e7\u00e3o no link abaixo.<\/p><p><strong>2. Agendamento de Reuni\u00e3o<\/strong>: Ap\u00f3s a inscri\u00e7\u00e3o, agendaremos uma reuni\u00e3o para apresentar os nossos projetos e o espa\u00e7o do I.SENSE. Este \u00e9 um momento importante para conhecer mais sobre nossa miss\u00e3o e como voc\u00ea pode contribuir.<\/p><p><strong>3. Ades\u00e3o ao Grupo do WhatsApp<\/strong>: Para facilitar a comunica\u00e7\u00e3o e o planeamento das atividades, iremos adicion\u00e1-lo a um grupo do WhatsApp onde partilhamos o cronograma do projeto e outras informa\u00e7\u00f5es relevantes.<\/p><p><strong>4. Acompanhamento e Forma\u00e7\u00e3o Cont\u00ednua<\/strong>: Oferecemos suporte cont\u00ednuo aos nossos volunt\u00e1rios atrav\u00e9s de forma\u00e7\u00f5es regulares, para que todos se sintam informados, confort\u00e1veis, inclu\u00eddos e com ferramentas adequadas para atuar.<\/p><\/div>\n\t\t\t\t<\/div>\n\t\t\t\t\t\t\t\t<\/div>\n\t\t\t\t<\/div>\n\t\t\t\t<\/div>\n\t\t\t\t\t<\/div>\n\t\t\t\t<\/div>\n\t\t<div class=\"elementor-element elementor-element-19a263b e-flex e-con-boxed e-con e-parent\" data-id=\"19a263b\" data-element_type=\"container\">\n\t\t\t\t\t<div class=\"e-con-inner\">\n\t\t\t\t<div class=\"elementor-element elementor-element-578bd65 elementor-widget elementor-widget-text-editor\" data-id=\"578bd65\" data-element_type=\"widget\" data-widget_type=\"text-editor.default\">\n\t\t\t\t<div class=\"elementor-widget-container\">\n\t\t\t\t\t\t\t<h5 style=\"text-align: center;\"><strong>Junte-se a N\u00f3s!<\/strong><\/h5><h5 style=\"text-align: center;\">Ao voluntariar-se no I.SENSE, estar\u00e1 a contribuir diretamente para a constru\u00e7\u00e3o de uma sociedade mais inclusiva e justa. A sua participa\u00e7\u00e3o faz a diferen\u00e7a no bem-estar das crian\u00e7as que acompanhamos, promovendo igualdade de oportunidades para todas.<\/h5><h5 style=\"text-align: center;\">Clique no link abaixo para se inscrever e come\u00e7ar esta jornada transformadora connosco.<\/h5>\t\t\t\t\t\t<\/div>\n\t\t\t\t<\/div>\n\t\t<div class=\"elementor-element elementor-element-aaae15b e-con-full e-flex e-con e-child\" data-id=\"aaae15b\" data-element_type=\"container\">\n\t\t\t\t<div class=\"elementor-element elementor-element-f7b0467 elementor-align-right elementor-mobile-align-center elementor-widget elementor-widget-button\" data-id=\"f7b0467\" data-element_type=\"widget\" data-settings=\"{&quot;_animation&quot;:&quot;none&quot;}\" data-widget_type=\"button.default\">\n\t\t\t\t<div class=\"elementor-widget-container\">\n\t\t\t\t\t<div class=\"elementor-button-wrapper\">\n\t\t\t<a class=\"elementor-button elementor-button-link elementor-size-sm\" href=\"https:\/\/docs.google.com\/forms\/d\/1e1oeUXnAo-q6wj_vt0Vxl4oDIUstzFq3lnVcTQce2dE\/viewform?edit_requested=true#settings\">\n\t\t\t\t\t\t<span class=\"elementor-button-content-wrapper\">\n\t\t\t\t\t\t\t\t\t<span class=\"elementor-button-text\">Inscreve-te<\/span>\n\t\t\t\t\t<\/span>\n\t\t\t\t\t<\/a>\n\t\t<\/div>\n\t\t\t\t<\/div>\n\t\t\t\t<\/div>\n\t\t\t\t<\/div>\n\t\t\t\t\t<\/div>\n\t\t\t\t<\/div>\n\t\t<div class=\"elementor-element elementor-element-12c4de9c e-flex e-con-boxed e-con e-parent\" data-id=\"12c4de9c\" data-element_type=\"container\">\n\t\t\t\t\t<div class=\"e-con-inner\">\n\t\t\t\t<div class=\"elementor-element elementor-element-6661a79a elementor-widget elementor-widget-heading\" data-id=\"6661a79a\" data-element_type=\"widget\" data-widget_type=\"heading.default\">\n\t\t\t\t<div class=\"elementor-widget-container\">\n\t\t\t<h3 class=\"elementor-heading-title elementor-size-default\">Seja Parte da Mudan\u00e7a com a I.Sense!<\/h3>\t\t<\/div>\n\t\t\t\t<\/div>\n\t\t\t\t<div class=\"elementor-element elementor-element-1988a73c elementor-widget elementor-widget-text-editor\" data-id=\"1988a73c\" data-element_type=\"widget\" data-widget_type=\"text-editor.default\">\n\t\t\t\t<div class=\"elementor-widget-container\">\n\t\t\t\t\t\t\t<p>Alguma d\u00favida? Entre em contacto, estamos sempre dispon\u00edveis!<\/p>\t\t\t\t\t\t<\/div>\n\t\t\t\t<\/div>\n\t\t\t\t<div class=\"elementor-element elementor-element-7b4d434d elementor-mobile-align-center elementor-align-right elementor-widget elementor-widget-button\" data-id=\"7b4d434d\" data-element_type=\"widget\" data-settings=\"{&quot;_animation&quot;:&quot;none&quot;}\" data-widget_type=\"button.default\">\n\t\t\t\t<div class=\"elementor-widget-container\">\n\t\t\t\t\t<div class=\"elementor-button-wrapper\">\n\t\t\t<a class=\"elementor-button elementor-button-link elementor-size-sm\" href=\"https:\/\/isense.pt\/wp65\/contacto\/\">\n\t\t\t\t\t\t<span class=\"elementor-button-content-wrapper\">\n\t\t\t\t\t\t\t\t\t<span class=\"elementor-button-text\">Contactos<\/span>\n\t\t\t\t\t<\/span>\n\t\t\t\t\t<\/a>\n\t\t<\/div>\n\t\t\t\t<\/div>\n\t\t\t\t<\/div>\n\t\t\t\t\t<\/div>\n\t\t\t\t<\/div>\n\t\t<footer class=\"elementor-element elementor-element-b532633 e-con-full e-flex e-con e-parent\" data-id=\"b532633\" data-element_type=\"container\">\n\t\t<div class=\"elementor-element elementor-element-2e6eae2b e-con-full e-flex e-con e-child\" data-id=\"2e6eae2b\" data-element_type=\"container\">\n\t\t\t\t<div class=\"elementor-element elementor-element-5ee3807b elementor-widget elementor-widget-image\" data-id=\"5ee3807b\" data-element_type=\"widget\" data-widget_type=\"image.default\">\n\t\t\t\t<div class=\"elementor-widget-container\">\n\t\t\t\t\t\t\t\t\t\t\t\t\t<img fetchpriority=\"high\" decoding=\"async\" width=\"500\" height=\"500\" src=\"https:\/\/isense.pt\/wp65\/wp-content\/uploads\/2024\/05\/cropped-1-removebg-preview.png\" class=\"attachment-full size-full wp-image-33\" alt=\"\" srcset=\"https:\/\/isense.pt\/wp65\/wp-content\/uploads\/2024\/05\/cropped-1-removebg-preview.png 500w, https:\/\/isense.pt\/wp65\/wp-content\/uploads\/2024\/05\/cropped-1-removebg-preview-300x300.png 300w, https:\/\/isense.pt\/wp65\/wp-content\/uploads\/2024\/05\/cropped-1-removebg-preview-100x100.png 100w, https:\/\/isense.pt\/wp65\/wp-content\/uploads\/2024\/05\/cropped-1-removebg-preview-150x150.png 150w, https:\/\/isense.pt\/wp65\/wp-content\/uploads\/2024\/05\/elementor\/thumbs\/cropped-1-removebg-preview-qnwhds1c3n2j7ab12me1dsj0ksu4b3f6utx8gor5bi.png 75w\" sizes=\"(max-width: 500px) 100vw, 500px\" \/>\t\t\t\t\t\t\t\t\t\t\t\t\t<\/div>\n\t\t\t\t<\/div>\n\t\t\t\t<\/div>\n\t\t<div class=\"elementor-element elementor-element-31dfe316 e-con-full e-flex e-con e-child\" data-id=\"31dfe316\" data-element_type=\"container\">\n\t\t\t\t<div class=\"elementor-element elementor-element-54a21ac2 elementor-icon-list--layout-inline elementor-tablet-align-center elementor-align-center elementor-list-item-link-full_width elementor-widget elementor-widget-icon-list\" data-id=\"54a21ac2\" data-element_type=\"widget\" data-widget_type=\"icon-list.default\">\n\t\t\t\t<div class=\"elementor-widget-container\">\n\t\t\t\t\t<ul class=\"elementor-icon-list-items elementor-inline-items\">\n\t\t\t\t\t\t\t<li class=\"elementor-icon-list-item elementor-inline-item\">\n\t\t\t\t\t\t\t\t\t\t<span class=\"elementor-icon-list-text\">+351 919 164 751<\/span>\n\t\t\t\t\t\t\t\t\t<\/li>\n\t\t\t\t\t\t\t\t<li class=\"elementor-icon-list-item elementor-inline-item\">\n\t\t\t\t\t\t\t\t\t\t<span class=\"elementor-icon-list-text\"><span style=\"white-space-collapse: collapse;\">Rua Dom Ant\u00f3nio Castro Meireles 413-A<\/span><br style=\"white-space-collapse: collapse;\"><span style=\"white-space-collapse: collapse;\">4425-637 Pedrou\u00e7os<\/span><\/span>\n\t\t\t\t\t\t\t\t\t<\/li>\n\t\t\t\t\t\t\t\t<li class=\"elementor-icon-list-item elementor-inline-item\">\n\t\t\t\t\t\t\t\t\t\t<span class=\"elementor-icon-list-text\">Seg a Sex das 9h - 20h<br>S\u00e1b das 9h - 13h<\/span>\n\t\t\t\t\t\t\t\t\t<\/li>\n\t\t\t\t\t\t<\/ul>\n\t\t\t\t<\/div>\n\t\t\t\t<\/div>\n\t\t\t\t<\/div>\n\t\t<div class=\"elementor-element elementor-element-5e7ad89d e-con-full e-flex e-con e-child\" data-id=\"5e7ad89d\" data-element_type=\"container\">\n\t\t\t\t<div class=\"elementor-element elementor-element-4e66d4be e-grid-align-tablet-right e-grid-align-mobile-center elementor-widget-mobile__width-inherit elementor-shape-rounded elementor-grid-0 e-grid-align-center elementor-widget elementor-widget-social-icons\" data-id=\"4e66d4be\" data-element_type=\"widget\" data-widget_type=\"social-icons.default\">\n\t\t\t\t<div class=\"elementor-widget-container\">\n\t\t\t\t\t<div class=\"elementor-social-icons-wrapper elementor-grid\">\n\t\t\t\t\t\t\t<span class=\"elementor-grid-item\">\n\t\t\t\t\t<a class=\"elementor-icon elementor-social-icon elementor-social-icon-facebook-f elementor-repeater-item-3f1b7ac\" href=\"https:\/\/www.facebook.com\/i.sense.desenvolvimento.infantil\/?locale=pt_BR\" target=\"_blank\">\n\t\t\t\t\t\t<span class=\"elementor-screen-only\">Facebook-f<\/span>\n\t\t\t\t\t\t<svg class=\"e-font-icon-svg e-fab-facebook-f\" viewBox=\"0 0 320 512\" xmlns=\"http:\/\/www.w3.org\/2000\/svg\"><path d=\"M279.14 288l14.22-92.66h-88.91v-60.13c0-25.35 12.42-50.06 52.24-50.06h40.42V6.26S260.43 0 225.36 0c-73.22 0-121.08 44.38-121.08 124.72v70.62H22.89V288h81.39v224h100.17V288z\"><\/path><\/svg>\t\t\t\t\t<\/a>\n\t\t\t\t<\/span>\n\t\t\t\t\t\t\t<span class=\"elementor-grid-item\">\n\t\t\t\t\t<a class=\"elementor-icon elementor-social-icon elementor-social-icon-instagram elementor-repeater-item-5c0ce3c\" href=\"https:\/\/www.instagram.com\/i.sense.clinica\/\" target=\"_blank\">\n\t\t\t\t\t\t<span class=\"elementor-screen-only\">Instagram<\/span>\n\t\t\t\t\t\t<svg class=\"e-font-icon-svg e-fab-instagram\" viewBox=\"0 0 448 512\" xmlns=\"http:\/\/www.w3.org\/2000\/svg\"><path d=\"M224.1 141c-63.6 0-114.9 51.3-114.9 114.9s51.3 114.9 114.9 114.9S339 319.5 339 255.9 287.7 141 224.1 141zm0 189.6c-41.1 0-74.7-33.5-74.7-74.7s33.5-74.7 74.7-74.7 74.7 33.5 74.7 74.7-33.6 74.7-74.7 74.7zm146.4-194.3c0 14.9-12 26.8-26.8 26.8-14.9 0-26.8-12-26.8-26.8s12-26.8 26.8-26.8 26.8 12 26.8 26.8zm76.1 27.2c-1.7-35.9-9.9-67.7-36.2-93.9-26.2-26.2-58-34.4-93.9-36.2-37-2.1-147.9-2.1-184.9 0-35.8 1.7-67.6 9.9-93.9 36.1s-34.4 58-36.2 93.9c-2.1 37-2.1 147.9 0 184.9 1.7 35.9 9.9 67.7 36.2 93.9s58 34.4 93.9 36.2c37 2.1 147.9 2.1 184.9 0 35.9-1.7 67.7-9.9 93.9-36.2 26.2-26.2 34.4-58 36.2-93.9 2.1-37 2.1-147.8 0-184.8zM398.8 388c-7.8 19.6-22.9 34.7-42.6 42.6-29.5 11.7-99.5 9-132.1 9s-102.7 2.6-132.1-9c-19.6-7.8-34.7-22.9-42.6-42.6-11.7-29.5-9-99.5-9-132.1s-2.6-102.7 9-132.1c7.8-19.6 22.9-34.7 42.6-42.6 29.5-11.7 99.5-9 132.1-9s102.7-2.6 132.1 9c19.6 7.8 34.7 22.9 42.6 42.6 11.7 29.5 9 99.5 9 132.1s2.7 102.7-9 132.1z\"><\/path><\/svg>\t\t\t\t\t<\/a>\n\t\t\t\t<\/span>\n\t\t\t\t\t\t\t<span class=\"elementor-grid-item\">\n\t\t\t\t\t<a class=\"elementor-icon elementor-social-icon elementor-social-icon-linkedin elementor-repeater-item-828f132\" target=\"_blank\">\n\t\t\t\t\t\t<span class=\"elementor-screen-only\">Linkedin<\/span>\n\t\t\t\t\t\t<svg class=\"e-font-icon-svg e-fab-linkedin\" viewBox=\"0 0 448 512\" xmlns=\"http:\/\/www.w3.org\/2000\/svg\"><path d=\"M416 32H31.9C14.3 32 0 46.5 0 64.3v383.4C0 465.5 14.3 480 31.9 480H416c17.6 0 32-14.5 32-32.3V64.3c0-17.8-14.4-32.3-32-32.3zM135.4 416H69V202.2h66.5V416zm-33.2-243c-21.3 0-38.5-17.3-38.5-38.5S80.9 96 102.2 96c21.2 0 38.5 17.3 38.5 38.5 0 21.3-17.2 38.5-38.5 38.5zm282.1 243h-66.4V312c0-24.8-.5-56.7-34.5-56.7-34.6 0-39.9 27-39.9 54.9V416h-66.4V202.2h63.7v29.2h.9c8.9-16.8 30.6-34.5 62.9-34.5 67.2 0 79.7 44.3 79.7 101.9V416z\"><\/path><\/svg>\t\t\t\t\t<\/a>\n\t\t\t\t<\/span>\n\t\t\t\t\t<\/div>\n\t\t\t\t<\/div>\n\t\t\t\t<\/div>\n\t\t\t\t<\/div>\n\t\t\t\t<\/footer>\n\t\t<div class=\"elementor-element elementor-element-3147db6 e-flex e-con-boxed e-con e-parent\" data-id=\"3147db6\" data-element_type=\"container\">\n\t\t\t\t\t<div class=\"e-con-inner\">\n\t\t\t\t<div class=\"elementor-element elementor-element-0fbbf16 elementor-widget elementor-widget-spacer\" data-id=\"0fbbf16\" data-element_type=\"widget\" data-widget_type=\"spacer.default\">\n\t\t\t\t<div class=\"elementor-widget-container\">\n\t\t\t\t\t<div class=\"elementor-spacer\">\n\t\t\t<div class=\"elementor-spacer-inner\"><\/div>\n\t\t<\/div>\n\t\t\t\t<\/div>\n\t\t\t\t<\/div>\n\t\t\t\t\t<\/div>\n\t\t\t\t<\/div>\n\t\t\t\t<\/div>\n\t\t","protected":false},"excerpt":{"rendered":"<p>Voluntariado A\u00e7\u00e3o de voluntariado Conhecer a realidade de crian\u00e7as com altera\u00e7\u00f5es no desenvolvimento \u00e9 abra\u00e7ar a miss\u00e3o de transformar desafios em oportunidades de desenvolvimento e inclus\u00e3o. Junte-se ao I.SENSE e ajude-nos a construir uma sociedade mais inclusiva e emp\u00e1tica. O nosso programa de voluntariado tem como objetivo capacitar as pessoas a compreender e intervir de [&hellip;]<\/p>\n","protected":false},"author":1,"featured_media":0,"parent":0,"menu_order":0,"comment_status":"closed","ping_status":"closed","template":"","meta":{"footnotes":""},"class_list":["post-353","page","type-page","status-publish","hentry"],"jetpack_sharing_enabled":true,"_links":{"self":[{"href":"https:\/\/isense.pt\/wp65\/wp-json\/wp\/v2\/pages\/353","targetHints":{"allow":["GET"]}}],"collection":[{"href":"https:\/\/isense.pt\/wp65\/wp-json\/wp\/v2\/pages"}],"about":[{"href":"https:\/\/isense.pt\/wp65\/wp-json\/wp\/v2\/types\/page"}],"author":[{"embeddable":true,"href":"https:\/\/isense.pt\/wp65\/wp-json\/wp\/v2\/users\/1"}],"replies":[{"embeddable":true,"href":"https:\/\/isense.pt\/wp65\/wp-json\/wp\/v2\/comments?post=353"}],"version-history":[{"count":47,"href":"https:\/\/isense.pt\/wp65\/wp-json\/wp\/v2\/pages\/353\/revisions"}],"predecessor-version":[{"id":1580,"href":"https:\/\/isense.pt\/wp65\/wp-json\/wp\/v2\/pages\/353\/revisions\/1580"}],"wp:attachment":[{"href":"https:\/\/isense.pt\/wp65\/wp-json\/wp\/v2\/media?parent=353"}],"curies":[{"name":"wp","href":"https:\/\/api.w.org\/{rel}","templated":true}]}}