{"id":387,"date":"2024-05-18T19:38:22","date_gmt":"2024-05-18T19:38:22","guid":{"rendered":"https:\/\/isense.pt\/wp65\/?page_id=387"},"modified":"2026-01-07T17:36:07","modified_gmt":"2026-01-07T17:36:07","slug":"elementor-387","status":"publish","type":"page","link":"https:\/\/isense.pt\/wp65\/elementor-387\/","title":{"rendered":"Testemunhos"},"content":{"rendered":"\t\t<div data-elementor-type=\"wp-page\" data-elementor-id=\"387\" class=\"elementor elementor-387\">\n\t\t\t\t<div class=\"elementor-element elementor-element-396f5b14 e-flex e-con-boxed e-con e-parent\" data-id=\"396f5b14\" data-element_type=\"container\" data-settings=\"{&quot;background_background&quot;:&quot;slideshow&quot;,&quot;background_slideshow_gallery&quot;:[{&quot;id&quot;:910,&quot;url&quot;:&quot;http:\\\/\\\/isense.pt\\\/wp65\\\/wp-content\\\/uploads\\\/2024\\\/10\\\/Design-sem-nome3.png&quot;}],&quot;background_slideshow_loop&quot;:&quot;yes&quot;,&quot;background_slideshow_slide_duration&quot;:5000,&quot;background_slideshow_slide_transition&quot;:&quot;fade&quot;,&quot;background_slideshow_transition_duration&quot;:500}\">\n\t\t\t\t\t<div class=\"e-con-inner\">\n\t\t\t\t<div class=\"elementor-element elementor-element-b73f25b elementor-widget elementor-widget-spacer\" data-id=\"b73f25b\" data-element_type=\"widget\" data-widget_type=\"spacer.default\">\n\t\t\t\t<div class=\"elementor-widget-container\">\n\t\t\t\t\t<div class=\"elementor-spacer\">\n\t\t\t<div class=\"elementor-spacer-inner\"><\/div>\n\t\t<\/div>\n\t\t\t\t<\/div>\n\t\t\t\t<\/div>\n\t\t\t\t<div class=\"elementor-element elementor-element-696e8252 elementor-widget__width-initial elementor-widget elementor-widget-heading\" data-id=\"696e8252\" data-element_type=\"widget\" data-widget_type=\"heading.default\">\n\t\t\t\t<div class=\"elementor-widget-container\">\n\t\t\t<h2 class=\"elementor-heading-title elementor-size-default\">\nTestemunhos\n<\/h2>\t\t<\/div>\n\t\t\t\t<\/div>\n\t\t\t\t<div class=\"elementor-element elementor-element-27ffd315 elementor-widget elementor-widget-spacer\" data-id=\"27ffd315\" data-element_type=\"widget\" data-widget_type=\"spacer.default\">\n\t\t\t\t<div class=\"elementor-widget-container\">\n\t\t\t\t\t<div class=\"elementor-spacer\">\n\t\t\t<div class=\"elementor-spacer-inner\"><\/div>\n\t\t<\/div>\n\t\t\t\t<\/div>\n\t\t\t\t<\/div>\n\t\t\t\t\t<\/div>\n\t\t\t\t<\/div>\n\t\t<div class=\"elementor-element elementor-element-2618993d e-flex e-con-boxed e-con e-parent\" data-id=\"2618993d\" data-element_type=\"container\">\n\t\t\t\t\t<div class=\"e-con-inner\">\n\t\t\t\t<div class=\"elementor-element elementor-element-4e6e193b elementor-widget elementor-widget-spacer\" data-id=\"4e6e193b\" data-element_type=\"widget\" data-widget_type=\"spacer.default\">\n\t\t\t\t<div class=\"elementor-widget-container\">\n\t\t\t\t\t<div class=\"elementor-spacer\">\n\t\t\t<div class=\"elementor-spacer-inner\"><\/div>\n\t\t<\/div>\n\t\t\t\t<\/div>\n\t\t\t\t<\/div>\n\t\t\t\t<div class=\"elementor-element elementor-element-2296357e elementor-widget__width-inherit elementor-widget elementor-widget-heading\" data-id=\"2296357e\" data-element_type=\"widget\" data-widget_type=\"heading.default\">\n\t\t\t\t<div class=\"elementor-widget-container\">\n\t\t\t<h2 class=\"elementor-heading-title elementor-size-default\">Mensagens dos familiares<\/h2>\t\t<\/div>\n\t\t\t\t<\/div>\n\t\t\t\t<div class=\"elementor-element elementor-element-21bfe9dd elementor-widget elementor-widget-text-editor\" data-id=\"21bfe9dd\" data-element_type=\"widget\" data-widget_type=\"text-editor.default\">\n\t\t\t\t<div class=\"elementor-widget-container\">\n\t\t\t\t\t\t\t<p>No I.SENSE, o <em>feedback<\/em> das fam\u00edlias que acompanhamos \u00e9 fundamental para melhorar continuamente os nossos servi\u00e7os e garantir que estamos a caminho de uma sociedade mais inclusiva e emp\u00e1tica. Aqui est\u00e3o alguns testemunhos das fam\u00edlias que se juntaram a n\u00f3s em projetos e iniciativas:<\/p>\t\t\t\t\t\t<\/div>\n\t\t\t\t<\/div>\n\t\t\t\t\t<\/div>\n\t\t\t\t<\/div>\n\t\t<div class=\"elementor-element elementor-element-cb25667 e-grid e-con-full e-con e-parent\" data-id=\"cb25667\" data-element_type=\"container\">\n\t\t\t\t<div class=\"elementor-element elementor-element-1a85c8d elementor-widget elementor-widget-testimonial\" data-id=\"1a85c8d\" data-element_type=\"widget\" data-widget_type=\"testimonial.default\">\n\t\t\t\t<div class=\"elementor-widget-container\">\n\t\t\t\t\t<div class=\"elementor-testimonial-wrapper\">\n\t\t\t\t\t\t\t<div class=\"elementor-testimonial-content\">\"Obrigada por assumirem, de cora\u00e7\u00e3o, este compromisso! Sentimos que o fizeram com alegria, entrega, dedica\u00e7\u00e3o e respeito, por todos e por cada um!\"<\/div>\n\t\t\t\n\t\t\t\t\t\t<div class=\"elementor-testimonial-meta\">\n\t\t\t\t<div class=\"elementor-testimonial-meta-inner\">\n\t\t\t\t\t\n\t\t\t\t\t\t\t\t\t\t<div class=\"elementor-testimonial-details\">\n\t\t\t\t\t\t\t\t\t\t\t\t\t\t<div class=\"elementor-testimonial-name\">Fam\u00edlia I.SENSE<\/div>\n\t\t\t\t\t\t\t\t\t\t\t\t\t\t\t\t\t\t\t<\/div>\n\t\t\t\t\t\t\t\t\t<\/div>\n\t\t\t<\/div>\n\t\t\t\t\t<\/div>\n\t\t\t\t<\/div>\n\t\t\t\t<\/div>\n\t\t\t\t<div class=\"elementor-element elementor-element-b7ff5e8 elementor-widget elementor-widget-testimonial\" data-id=\"b7ff5e8\" data-element_type=\"widget\" data-widget_type=\"testimonial.default\">\n\t\t\t\t<div class=\"elementor-widget-container\">\n\t\t\t\t\t<div class=\"elementor-testimonial-wrapper\">\n\t\t\t\t\t\t\t<div class=\"elementor-testimonial-content\">\"Quero agradecer a toda a equipa I.SENSE pela dedica\u00e7\u00e3o, pelo profissionalismo e pela compet\u00eancia sempre demonstrada com a minha filha.\nA evolu\u00e7\u00e3o dela tem sido fant\u00e1stica e os resultados excelentes.\nUm bem haja do fundo do cora\u00e7\u00e3o a toda a fam\u00edlia I.SENSE.\"<\/div>\n\t\t\t\n\t\t\t\t\t\t<div class=\"elementor-testimonial-meta\">\n\t\t\t\t<div class=\"elementor-testimonial-meta-inner\">\n\t\t\t\t\t\n\t\t\t\t\t\t\t\t\t\t<div class=\"elementor-testimonial-details\">\n\t\t\t\t\t\t\t\t\t\t\t\t\t\t<div class=\"elementor-testimonial-name\">Fam\u00edlia I.SENSE<\/div>\n\t\t\t\t\t\t\t\t\t\t\t\t\t\t\t\t\t\t\t<\/div>\n\t\t\t\t\t\t\t\t\t<\/div>\n\t\t\t<\/div>\n\t\t\t\t\t<\/div>\n\t\t\t\t<\/div>\n\t\t\t\t<\/div>\n\t\t\t\t<div class=\"elementor-element elementor-element-012d2be elementor-widget elementor-widget-testimonial\" data-id=\"012d2be\" data-element_type=\"widget\" data-widget_type=\"testimonial.default\">\n\t\t\t\t<div class=\"elementor-widget-container\">\n\t\t\t\t\t<div class=\"elementor-testimonial-wrapper\">\n\t\t\t\t\t\t\t<div class=\"elementor-testimonial-content\">\"Super recomendo. S\u00f3 tenho coisas maravilhosas a dizer sobre o I.SENSE. \u00c9 realmente um centro focado no desenvolvimento da crian\u00e7a, respeitando as suas diferen\u00e7as, gostos e ritmos. Dotado de profissionais fora de s\u00e9rie que conseguem trabalhar como um todo, os desafios das crian\u00e7as que at\u00e9 elas chegam de forma pedag\u00f3gica, terap\u00eautica e amorosa. A minha filha desenvolveu exponencialmente desde que est\u00e1 no I.SENSE e para ela terapias \u00e9 sin\u00f3nimo de divers\u00e3o e aprendizagem. Um dos melhores centros de desenvolvimento.\"<\/div>\n\t\t\t\n\t\t\t\t\t\t<div class=\"elementor-testimonial-meta\">\n\t\t\t\t<div class=\"elementor-testimonial-meta-inner\">\n\t\t\t\t\t\n\t\t\t\t\t\t\t\t\t\t<div class=\"elementor-testimonial-details\">\n\t\t\t\t\t\t\t\t\t\t\t\t\t\t<div class=\"elementor-testimonial-name\">Fam\u00edlia I.SENSE<\/div>\n\t\t\t\t\t\t\t\t\t\t\t\t\t\t\t\t\t\t\t<\/div>\n\t\t\t\t\t\t\t\t\t<\/div>\n\t\t\t<\/div>\n\t\t\t\t\t<\/div>\n\t\t\t\t<\/div>\n\t\t\t\t<\/div>\n\t\t\t\t<div class=\"elementor-element elementor-element-495d1ab elementor-widget elementor-widget-testimonial\" data-id=\"495d1ab\" data-element_type=\"widget\" data-widget_type=\"testimonial.default\">\n\t\t\t\t<div class=\"elementor-widget-container\">\n\t\t\t\t\t<div class=\"elementor-testimonial-wrapper\">\n\t\t\t\t\t\t\t<div class=\"elementor-testimonial-content\">\"Voc\u00eas foram excecionais, correu ainda melhor do que estava a pensar. O vosso cuidado de todas, a vossa sensibilidade e todos o Amor que sempre deram aos meninos foi incr\u00edveis, as atividades tudo foi perfeito. S\u00e3o da primeira quinzena a reservar mais para Agosto e foi ainda mais incr\u00edvel o D. cresceu com voc\u00eas num m\u00eas mais do que num ano inteiro. At\u00e9 hoje ele diz que tem saudades vossas, e perguntou porque n\u00e3o pode estar com voc\u00eas para sempre, isto diz muito. Obrigada do fundo do cora\u00e7\u00e3o por todo o cuidado que tiveram com todos os meninos, nunca me senti t\u00e3o feliz em deixar o meu filho e descansada. Contem connosco para o ano, o D. vai l\u00e1 estar com certeza. Obrigada!\"<\/div>\n\t\t\t\n\t\t\t\t\t\t<div class=\"elementor-testimonial-meta\">\n\t\t\t\t<div class=\"elementor-testimonial-meta-inner\">\n\t\t\t\t\t\n\t\t\t\t\t\t\t\t\t\t<div class=\"elementor-testimonial-details\">\n\t\t\t\t\t\t\t\t\t\t\t\t\t\t<div class=\"elementor-testimonial-name\">Fam\u00edlia I.SENSE<\/div>\n\t\t\t\t\t\t\t\t\t\t\t\t\t\t\t\t\t\t\t<\/div>\n\t\t\t\t\t\t\t\t\t<\/div>\n\t\t\t<\/div>\n\t\t\t\t\t<\/div>\n\t\t\t\t<\/div>\n\t\t\t\t<\/div>\n\t\t\t\t<div class=\"elementor-element elementor-element-758e662 elementor-widget elementor-widget-testimonial\" data-id=\"758e662\" data-element_type=\"widget\" data-widget_type=\"testimonial.default\">\n\t\t\t\t<div class=\"elementor-widget-container\">\n\t\t\t\t\t<div class=\"elementor-testimonial-wrapper\">\n\t\t\t\t\t\t\t<div class=\"elementor-testimonial-content\">\"Deixo aqui toda a minha gratid\u00e3o a voc\u00eas. Todos os dias o nosso \"tesouro\" foi SEMPRE FELIZ! muito bem recebido e acolhido. E veio sempre a falar que gosta. No dia do \"sensei\" ele amou! E quando recebemos o v\u00eddeo do resumo das f\u00e9rias ele falou logo quando viu a sua interven\u00e7\u00e3o no saco de boxe! N\u00e3o registamos um \u00fanico dia menos bom, ou triste. Para n\u00f3s Pais, um \"descanso\" no cora\u00e7\u00e3o porque sabemos e sentimos que est\u00e3o bem. Um sentimento, que muitas vezes, n\u00e3o se t\u00eam devido \u00e0s circunst\u00e2ncias. Mas de facto, com esta equipa podemos dizer que ficamos \"descansados \" e, sem d\u00favida, entraram para a nossa \"aldeia\". A todas em particular o nosso OBRIGADO. A \"algu\u00e9m\" particular que fez connosco um momento menos bom no nosso caminho passado e, agora, voltamos a rever, sentimos que somos aceites e que nos compreendem nas nossas lutas. Obrigado! A toda a equipa fantabul\u00e1stica os meus parab\u00e9ns e a minha gratid\u00e3o por abra\u00e7arem estes projetos. Amamos! Um bem haja a todas! Bjinhus\"<\/div>\n\t\t\t\n\t\t\t\t\t\t<div class=\"elementor-testimonial-meta\">\n\t\t\t\t<div class=\"elementor-testimonial-meta-inner\">\n\t\t\t\t\t\n\t\t\t\t\t\t\t\t\t\t<div class=\"elementor-testimonial-details\">\n\t\t\t\t\t\t\t\t\t\t\t\t\t\t<div class=\"elementor-testimonial-name\">Fam\u00edlia I.SENSE<\/div>\n\t\t\t\t\t\t\t\t\t\t\t\t\t\t\t\t\t\t\t<\/div>\n\t\t\t\t\t\t\t\t\t<\/div>\n\t\t\t<\/div>\n\t\t\t\t\t<\/div>\n\t\t\t\t<\/div>\n\t\t\t\t<\/div>\n\t\t\t\t<div class=\"elementor-element elementor-element-0c63276 elementor-widget elementor-widget-testimonial\" data-id=\"0c63276\" data-element_type=\"widget\" data-widget_type=\"testimonial.default\">\n\t\t\t\t<div class=\"elementor-widget-container\">\n\t\t\t\t\t<div class=\"elementor-testimonial-wrapper\">\n\t\t\t\t\t\t\t<div class=\"elementor-testimonial-content\">\"Inici\u00e1mos terapias com o I.SENSE h\u00e1 sensivelmente   2 anos com a nossa filha. E desde o primeiro momento que a nossa filha foi vista, interpretada e respeitada como ela \u00e9 e n\u00e3o como apenas mais uma crian\u00e7a. Os seus desafios s\u00e3o os desafios das profissionais que abra\u00e7am esta demanda e sentimos o amor e o carinho que lhe d\u00e3o enquanto a ajudam. O I.SENSE \u00e9 verdadeiramente um centro de desenvolvimento, absolutamente focado na crian\u00e7a e na sua fam\u00edlia,  nas suas emo\u00e7\u00f5es,  anseios e preocupa\u00e7\u00f5es. Tornaram as terapias n\u00e3o um momento de consulta, mas um momento especial, de divers\u00e3o, ao qual a nossa filha est\u00e1 sempre ansiosa para estar presente. S\u00f3 tenho palavras maravilhosas para descrever o I.SENSE, e uma delas \u00e9 de gratid\u00e3o,  por todo o caminho juntos percorrido.\"\n\n<\/div>\n\t\t\t\n\t\t\t\t\t\t<div class=\"elementor-testimonial-meta\">\n\t\t\t\t<div class=\"elementor-testimonial-meta-inner\">\n\t\t\t\t\t\n\t\t\t\t\t\t\t\t\t\t<div class=\"elementor-testimonial-details\">\n\t\t\t\t\t\t\t\t\t\t\t\t\t\t<div class=\"elementor-testimonial-name\">Fam\u00edlia I.SENSE<\/div>\n\t\t\t\t\t\t\t\t\t\t\t\t\t\t\t\t\t\t\t<\/div>\n\t\t\t\t\t\t\t\t\t<\/div>\n\t\t\t<\/div>\n\t\t\t\t\t<\/div>\n\t\t\t\t<\/div>\n\t\t\t\t<\/div>\n\t\t\t\t<\/div>\n\t\t<div class=\"elementor-element elementor-element-10858e5b e-flex e-con-boxed e-con e-parent\" data-id=\"10858e5b\" data-element_type=\"container\">\n\t\t\t\t\t<div class=\"e-con-inner\">\n\t\t\t\t<div class=\"elementor-element elementor-element-623e6736 elementor-widget elementor-widget-heading\" data-id=\"623e6736\" data-element_type=\"widget\" data-widget_type=\"heading.default\">\n\t\t\t\t<div class=\"elementor-widget-container\">\n\t\t\t<h3 class=\"elementor-heading-title elementor-size-default\">Seja Parte da Mudan\u00e7a com a I.Sense!<\/h3>\t\t<\/div>\n\t\t\t\t<\/div>\n\t\t\t\t<div class=\"elementor-element elementor-element-7927df9e elementor-widget elementor-widget-text-editor\" data-id=\"7927df9e\" data-element_type=\"widget\" data-widget_type=\"text-editor.default\">\n\t\t\t\t<div class=\"elementor-widget-container\">\n\t\t\t\t\t\t\t<p>Alguma d\u00favida? Entre em contacto, estamos sempre dispon\u00edveis!<\/p>\t\t\t\t\t\t<\/div>\n\t\t\t\t<\/div>\n\t\t\t\t<div class=\"elementor-element elementor-element-6093022 elementor-mobile-align-center elementor-align-right elementor-widget elementor-widget-button\" data-id=\"6093022\" data-element_type=\"widget\" data-settings=\"{&quot;_animation&quot;:&quot;none&quot;}\" data-widget_type=\"button.default\">\n\t\t\t\t<div class=\"elementor-widget-container\">\n\t\t\t\t\t<div class=\"elementor-button-wrapper\">\n\t\t\t<a class=\"elementor-button elementor-button-link elementor-size-sm\" href=\"https:\/\/isense.pt\/wp65\/contacto\/\">\n\t\t\t\t\t\t<span class=\"elementor-button-content-wrapper\">\n\t\t\t\t\t\t\t\t\t<span class=\"elementor-button-text\">Contactos<\/span>\n\t\t\t\t\t<\/span>\n\t\t\t\t\t<\/a>\n\t\t<\/div>\n\t\t\t\t<\/div>\n\t\t\t\t<\/div>\n\t\t\t\t\t<\/div>\n\t\t\t\t<\/div>\n\t\t<footer class=\"elementor-element elementor-element-7d80be15 e-con-full e-flex e-con e-parent\" data-id=\"7d80be15\" data-element_type=\"container\">\n\t\t<div class=\"elementor-element elementor-element-6743d961 e-con-full e-flex e-con e-child\" data-id=\"6743d961\" data-element_type=\"container\">\n\t\t\t\t<div class=\"elementor-element elementor-element-607def48 elementor-widget elementor-widget-image\" data-id=\"607def48\" data-element_type=\"widget\" data-widget_type=\"image.default\">\n\t\t\t\t<div class=\"elementor-widget-container\">\n\t\t\t\t\t\t\t\t\t\t\t\t\t<img fetchpriority=\"high\" decoding=\"async\" width=\"500\" height=\"500\" src=\"https:\/\/isense.pt\/wp65\/wp-content\/uploads\/2024\/05\/cropped-1-removebg-preview.png\" class=\"attachment-full size-full wp-image-33\" alt=\"\" srcset=\"https:\/\/isense.pt\/wp65\/wp-content\/uploads\/2024\/05\/cropped-1-removebg-preview.png 500w, https:\/\/isense.pt\/wp65\/wp-content\/uploads\/2024\/05\/cropped-1-removebg-preview-300x300.png 300w, https:\/\/isense.pt\/wp65\/wp-content\/uploads\/2024\/05\/cropped-1-removebg-preview-100x100.png 100w, https:\/\/isense.pt\/wp65\/wp-content\/uploads\/2024\/05\/cropped-1-removebg-preview-150x150.png 150w, https:\/\/isense.pt\/wp65\/wp-content\/uploads\/2024\/05\/elementor\/thumbs\/cropped-1-removebg-preview-qnwhds1c3n2j7ab12me1dsj0ksu4b3f6utx8gor5bi.png 75w\" sizes=\"(max-width: 500px) 100vw, 500px\" \/>\t\t\t\t\t\t\t\t\t\t\t\t\t<\/div>\n\t\t\t\t<\/div>\n\t\t\t\t<\/div>\n\t\t<div class=\"elementor-element elementor-element-7f47ad07 e-con-full e-flex e-con e-child\" data-id=\"7f47ad07\" data-element_type=\"container\">\n\t\t\t\t<div class=\"elementor-element elementor-element-598c745f elementor-icon-list--layout-inline elementor-tablet-align-center elementor-align-center elementor-list-item-link-full_width elementor-widget elementor-widget-icon-list\" data-id=\"598c745f\" data-element_type=\"widget\" data-widget_type=\"icon-list.default\">\n\t\t\t\t<div class=\"elementor-widget-container\">\n\t\t\t\t\t<ul class=\"elementor-icon-list-items elementor-inline-items\">\n\t\t\t\t\t\t\t<li class=\"elementor-icon-list-item elementor-inline-item\">\n\t\t\t\t\t\t\t\t\t\t<span class=\"elementor-icon-list-text\">+351 919 164 751<\/span>\n\t\t\t\t\t\t\t\t\t<\/li>\n\t\t\t\t\t\t\t\t<li class=\"elementor-icon-list-item elementor-inline-item\">\n\t\t\t\t\t\t\t\t\t\t<span class=\"elementor-icon-list-text\"><span style=\"white-space-collapse: collapse;\">Rua Dom Ant\u00f3nio Castro Meireles 413-A<\/span><br style=\"white-space-collapse: collapse;\"><span style=\"white-space-collapse: collapse;\">4425-637 Pedrou\u00e7os<\/span><\/span>\n\t\t\t\t\t\t\t\t\t<\/li>\n\t\t\t\t\t\t\t\t<li class=\"elementor-icon-list-item elementor-inline-item\">\n\t\t\t\t\t\t\t\t\t\t<span class=\"elementor-icon-list-text\">Seg a Sex das 9h - 20h<br>S\u00e1b das 9h - 13h<\/span>\n\t\t\t\t\t\t\t\t\t<\/li>\n\t\t\t\t\t\t<\/ul>\n\t\t\t\t<\/div>\n\t\t\t\t<\/div>\n\t\t\t\t<\/div>\n\t\t<div class=\"elementor-element elementor-element-69569dc3 e-con-full e-flex e-con e-child\" data-id=\"69569dc3\" data-element_type=\"container\">\n\t\t\t\t<div class=\"elementor-element elementor-element-5b3dd49f e-grid-align-tablet-right e-grid-align-mobile-center elementor-widget-mobile__width-inherit elementor-shape-rounded elementor-grid-0 e-grid-align-center elementor-widget elementor-widget-social-icons\" data-id=\"5b3dd49f\" data-element_type=\"widget\" data-widget_type=\"social-icons.default\">\n\t\t\t\t<div class=\"elementor-widget-container\">\n\t\t\t\t\t<div class=\"elementor-social-icons-wrapper elementor-grid\">\n\t\t\t\t\t\t\t<span class=\"elementor-grid-item\">\n\t\t\t\t\t<a class=\"elementor-icon elementor-social-icon elementor-social-icon-facebook-f elementor-repeater-item-3f1b7ac\" href=\"https:\/\/www.facebook.com\/i.sense.desenvolvimento.infantil\/?locale=pt_BR\" target=\"_blank\">\n\t\t\t\t\t\t<span class=\"elementor-screen-only\">Facebook-f<\/span>\n\t\t\t\t\t\t<svg class=\"e-font-icon-svg e-fab-facebook-f\" viewBox=\"0 0 320 512\" xmlns=\"http:\/\/www.w3.org\/2000\/svg\"><path d=\"M279.14 288l14.22-92.66h-88.91v-60.13c0-25.35 12.42-50.06 52.24-50.06h40.42V6.26S260.43 0 225.36 0c-73.22 0-121.08 44.38-121.08 124.72v70.62H22.89V288h81.39v224h100.17V288z\"><\/path><\/svg>\t\t\t\t\t<\/a>\n\t\t\t\t<\/span>\n\t\t\t\t\t\t\t<span class=\"elementor-grid-item\">\n\t\t\t\t\t<a class=\"elementor-icon elementor-social-icon elementor-social-icon-instagram elementor-repeater-item-5c0ce3c\" href=\"https:\/\/www.instagram.com\/i.sense.clinica\/\" target=\"_blank\">\n\t\t\t\t\t\t<span class=\"elementor-screen-only\">Instagram<\/span>\n\t\t\t\t\t\t<svg class=\"e-font-icon-svg e-fab-instagram\" viewBox=\"0 0 448 512\" xmlns=\"http:\/\/www.w3.org\/2000\/svg\"><path d=\"M224.1 141c-63.6 0-114.9 51.3-114.9 114.9s51.3 114.9 114.9 114.9S339 319.5 339 255.9 287.7 141 224.1 141zm0 189.6c-41.1 0-74.7-33.5-74.7-74.7s33.5-74.7 74.7-74.7 74.7 33.5 74.7 74.7-33.6 74.7-74.7 74.7zm146.4-194.3c0 14.9-12 26.8-26.8 26.8-14.9 0-26.8-12-26.8-26.8s12-26.8 26.8-26.8 26.8 12 26.8 26.8zm76.1 27.2c-1.7-35.9-9.9-67.7-36.2-93.9-26.2-26.2-58-34.4-93.9-36.2-37-2.1-147.9-2.1-184.9 0-35.8 1.7-67.6 9.9-93.9 36.1s-34.4 58-36.2 93.9c-2.1 37-2.1 147.9 0 184.9 1.7 35.9 9.9 67.7 36.2 93.9s58 34.4 93.9 36.2c37 2.1 147.9 2.1 184.9 0 35.9-1.7 67.7-9.9 93.9-36.2 26.2-26.2 34.4-58 36.2-93.9 2.1-37 2.1-147.8 0-184.8zM398.8 388c-7.8 19.6-22.9 34.7-42.6 42.6-29.5 11.7-99.5 9-132.1 9s-102.7 2.6-132.1-9c-19.6-7.8-34.7-22.9-42.6-42.6-11.7-29.5-9-99.5-9-132.1s-2.6-102.7 9-132.1c7.8-19.6 22.9-34.7 42.6-42.6 29.5-11.7 99.5-9 132.1-9s102.7-2.6 132.1 9c19.6 7.8 34.7 22.9 42.6 42.6 11.7 29.5 9 99.5 9 132.1s2.7 102.7-9 132.1z\"><\/path><\/svg>\t\t\t\t\t<\/a>\n\t\t\t\t<\/span>\n\t\t\t\t\t\t\t<span class=\"elementor-grid-item\">\n\t\t\t\t\t<a class=\"elementor-icon elementor-social-icon elementor-social-icon-linkedin elementor-repeater-item-828f132\" target=\"_blank\">\n\t\t\t\t\t\t<span class=\"elementor-screen-only\">Linkedin<\/span>\n\t\t\t\t\t\t<svg class=\"e-font-icon-svg e-fab-linkedin\" viewBox=\"0 0 448 512\" xmlns=\"http:\/\/www.w3.org\/2000\/svg\"><path d=\"M416 32H31.9C14.3 32 0 46.5 0 64.3v383.4C0 465.5 14.3 480 31.9 480H416c17.6 0 32-14.5 32-32.3V64.3c0-17.8-14.4-32.3-32-32.3zM135.4 416H69V202.2h66.5V416zm-33.2-243c-21.3 0-38.5-17.3-38.5-38.5S80.9 96 102.2 96c21.2 0 38.5 17.3 38.5 38.5 0 21.3-17.2 38.5-38.5 38.5zm282.1 243h-66.4V312c0-24.8-.5-56.7-34.5-56.7-34.6 0-39.9 27-39.9 54.9V416h-66.4V202.2h63.7v29.2h.9c8.9-16.8 30.6-34.5 62.9-34.5 67.2 0 79.7 44.3 79.7 101.9V416z\"><\/path><\/svg>\t\t\t\t\t<\/a>\n\t\t\t\t<\/span>\n\t\t\t\t\t<\/div>\n\t\t\t\t<\/div>\n\t\t\t\t<\/div>\n\t\t\t\t<\/div>\n\t\t\t\t<\/footer>\n\t\t<div class=\"elementor-element elementor-element-12e4b15 e-flex e-con-boxed e-con e-parent\" data-id=\"12e4b15\" data-element_type=\"container\">\n\t\t\t\t\t<div class=\"e-con-inner\">\n\t\t\t\t<div class=\"elementor-element elementor-element-e82098d elementor-widget elementor-widget-spacer\" data-id=\"e82098d\" data-element_type=\"widget\" data-widget_type=\"spacer.default\">\n\t\t\t\t<div class=\"elementor-widget-container\">\n\t\t\t\t\t<div class=\"elementor-spacer\">\n\t\t\t<div class=\"elementor-spacer-inner\"><\/div>\n\t\t<\/div>\n\t\t\t\t<\/div>\n\t\t\t\t<\/div>\n\t\t\t\t\t<\/div>\n\t\t\t\t<\/div>\n\t\t\t\t<\/div>\n\t\t","protected":false},"excerpt":{"rendered":"<p>Testemunhos Mensagens dos familiares No I.SENSE, o feedback das fam\u00edlias que acompanhamos \u00e9 fundamental para melhorar continuamente os nossos servi\u00e7os e garantir que estamos a caminho de uma sociedade mais inclusiva e emp\u00e1tica. Aqui est\u00e3o alguns testemunhos das fam\u00edlias que se juntaram a n\u00f3s em projetos e iniciativas: &#8220;Obrigada por assumirem, de cora\u00e7\u00e3o, este compromisso! [&hellip;]<\/p>\n","protected":false},"author":1,"featured_media":0,"parent":0,"menu_order":0,"comment_status":"closed","ping_status":"closed","template":"","meta":{"footnotes":""},"class_list":["post-387","page","type-page","status-publish","hentry"],"jetpack_sharing_enabled":true,"_links":{"self":[{"href":"https:\/\/isense.pt\/wp65\/wp-json\/wp\/v2\/pages\/387","targetHints":{"allow":["GET"]}}],"collection":[{"href":"https:\/\/isense.pt\/wp65\/wp-json\/wp\/v2\/pages"}],"about":[{"href":"https:\/\/isense.pt\/wp65\/wp-json\/wp\/v2\/types\/page"}],"author":[{"embeddable":true,"href":"https:\/\/isense.pt\/wp65\/wp-json\/wp\/v2\/users\/1"}],"replies":[{"embeddable":true,"href":"https:\/\/isense.pt\/wp65\/wp-json\/wp\/v2\/comments?post=387"}],"version-history":[{"count":24,"href":"https:\/\/isense.pt\/wp65\/wp-json\/wp\/v2\/pages\/387\/revisions"}],"predecessor-version":[{"id":1577,"href":"https:\/\/isense.pt\/wp65\/wp-json\/wp\/v2\/pages\/387\/revisions\/1577"}],"wp:attachment":[{"href":"https:\/\/isense.pt\/wp65\/wp-json\/wp\/v2\/media?parent=387"}],"curies":[{"name":"wp","href":"https:\/\/api.w.org\/{rel}","templated":true}]}}